{"id":1041,"date":"2021-08-30T18:06:04","date_gmt":"2021-08-30T18:06:04","guid":{"rendered":"https:\/\/www.teacherlists.com\/blog\/parent-corner\/?page_id=1041"},"modified":"2021-08-30T18:30:01","modified_gmt":"2021-08-30T18:30:01","slug":"continua-la-conversacion-de-tech-talk-en-casa","status":"publish","type":"page","link":"https:\/\/www.teacherlists.com\/blog\/parent-corner\/techtalk\/continua-la-conversacion-de-tech-talk-en-casa\/","title":{"rendered":"Contin\u00faa la conversaci\u00f3n de tech talk en casa"},"content":{"rendered":"<p>&nbsp;<\/p>\n<p style=\"font-size: 13px; font-style: italic; margin-bottom: 30px;\"><a href=\"https:\/\/www.teacherlists.com\/blog\/parent-corner\/techtalk\/\" onclick=\"gtag('event', 'conmar', {'event_category': 'fttn', 'event_label': 'fttn2020_continueconversationspanish_parentslandingpage'});\">&lt;&lt; Volver a la p\u00e1gina de Family Tech Talk<\/a><\/p>\n<div class=\"row section-container\">\n<div><img loading=\"lazy\" src=\"https:\/\/www.teacherlists.com\/blog\/parent-corner\/wp-content\/uploads\/sites\/2\/2020\/08\/0820-fttn-virtual-logo-tagline-landing-page-300x85.png\" alt=\"\" class=\"fttn-wp-image-465 size-medium alignleft\" style=\"margin-right: 15px; margin-bottom: 10px;\" width=\"300\" height=\"85\" \/><\/div>\n<div style=\"margin: 10px;\"><\/div>\n<div>\n<p class=\"sponsored-by-text mb-0\"><span style=\"font-size: smaller; font-weight: bold;\">Sponsored by<\/span><br \/>\n<img loading=\"lazy\" src=\"https:\/\/www.teacherlists.com\/blog\/parent-corner\/wp-content\/uploads\/sites\/2\/2020\/09\/TM_logo_red_.png\" alt=\"\" class=\"size-full wp-image-567 alignnone\" width=\"182\" height=\"62\" \/><\/p>\n<\/div>\n<\/div>\n<p>&nbsp;<\/p>\n<div style=\"text-align: left;\">\n<p>La mejor manera de que los padres puedan ayudar a sus familias en el desarrollo de buenos h\u00e1bitos para el uso de internet, es mantener continuamente conversaciones sobre lo que significa usar internet de forma segura, positiva y productiva. Intenta utilizar estas diez maneras para empezar una buena conversaci\u00f3n con tu hijo.<\/p>\n<p><strong>Usa preguntas al estilo, \u201cQu\u00e9 har\u00edas t\u00fa?\u201d<\/strong> Algunos ejemplos podr\u00edan incluir \u201c\u00bfQu\u00e9 har\u00edas t\u00fa si supieras que alguien est\u00e1 actuando de manera inapropiada online?\u201d o \u201c\u00bfQu\u00e9 har\u00edas t\u00fa si vieras una foto subida online y supieras que a un amigo no le gustar\u00eda?\u201d<\/p>\n<p><strong>S\u00e9 sincero.<\/strong> Habla con tus hijos sobre tu propia vida online y tus actividades (adicci\u00f3n a medios sociales, navegaci\u00f3n por internet, lo que te gusta y odias de medios sociales) y como todo te ha impactado. Esto empezar\u00e1 una buena conversaci\u00f3n.<\/p>\n<p><strong>\u00a1Hazles preguntas divertidas que no esperar\u00edan!<\/strong> Podr\u00edas preguntar, por ejemplo, cu\u00e1l es su filtro favorito de Snapchat, o su persona famosa favorita para seguir en Instagram.<\/p>\n<p><strong>\u00a1Jueguen (y creen) juntos!<\/strong> P\u00eddeles que jueguen contigo a un juego que hayan bajado o que te muestren su v\u00eddeo favorito de YouTube, y t\u00fa haces lo mismo. Si se inspira, incluso podr\u00edan crear contenido juntos, como publicaciones de TikTok. Es posible que se sorprenda de lo que aprenden unos de otros en el proceso.<\/p>\n<p><strong>Pide lecciones.<\/strong> Deja que ellos te ense\u00f1en como usar TikTok o que te den buenos consejos sobre \u201cetiquetaci\u00f3n\u201d en ese medio social, por ejemplo. Si tienes ni\u00f1os m\u00e1s j\u00f3venes aficionados a juegos como Minecraft, p\u00eddeles que te den un tour de su mundo virtual.<\/p>\n<p><strong>Hable sobre el aprendizaje virtual de su hijo se relaciona con las habilidades de Internet y la seguridad en l\u00ednea.<\/strong> \u00bfHan tenido problemas o incidentes? desde que aprenden en l\u00ednea?<\/p>\n<p><strong>Aproveche oportunidades como el tiempo en el autom\u00f3vil o trabajando juntos en una tarea o proyecto para iniciar una conversaci\u00f3n informal.<\/strong> En momentos como ese, los ni\u00f1os pueden ser menos cautelosos y m\u00e1s abiertos, as\u00ed que \u00bfpor qu\u00e9 no aprovecharlo?<\/p>\n<p><strong>Crea un diario de conversaciones.<\/strong> Tomando turnos para escribir en un diario con tu hijo puede hacer que sea m\u00e1s f\u00e1cil hablar de temas que pueden ser dif\u00edciles hablar cara a cara.<\/p>\n<p><strong>Pasen una noche juntos.<\/strong> Sal con tu hijo a su restaurante preferido y pasen tiempo especial a solas. Cuando tu hijo se sienta c\u00f3modo, puedes empezar una charla sobre temas de tecnolog\u00eda.<\/p>\n<p><strong>Analice la alfabetizaci\u00f3n medi\u00e1tica y las noticias falsas.<\/strong> Ens\u00e9\u00f1ele a su hijo a buscar buenas fuentes y a leer m\u00e1s all\u00e1 de los titulares llamativos. Un m\u00e9todo divertido: muestre ejemplos de historias falsas y fotos alteradas, luego comp\u00e1relas con noticias de fuentes confiables.<\/p>\n<\/div>\n<p>&nbsp;<\/p>\n<p style=\"font-size: 13px; font-style: italic; margin-bottom: 30px;\"><a href=\"https:\/\/www.teacherlists.com\/blog\/parent-corner\/techtalk\/\" onclick=\"gtag('event', 'conmar', {'event_category': 'fttn', 'event_label': 'fttn2020_continueconversationspanish_parentslandingpage'});\">&lt;&lt; Volver a la p\u00e1gina de Family Tech Talk<\/a><\/p>\n<p>&nbsp;<\/p>\n","protected":false},"excerpt":{"rendered":"<p>&nbsp; &lt;&lt; Volver a la p\u00e1gina de Family Tech Talk Sponsored by &nbsp; La mejor manera de que los padres puedan ayudar a sus familias en el desarrollo de buenos h\u00e1bitos para el uso de internet, es mantener continuamente conversaciones sobre lo que significa usar internet de forma segura, positiva y productiva. Intenta utilizar estas [&hellip;]<\/p>\n","protected":false},"author":37,"featured_media":0,"parent":534,"menu_order":0,"comment_status":"closed","ping_status":"closed","template":"","meta":[],"acf":[],"yoast_head":"<!-- This site is optimized with the Yoast SEO Premium plugin v19.3 (Yoast SEO v19.13) - https:\/\/yoast.com\/wordpress\/plugins\/seo\/ -->\n<title>Contin\u00faa la conversaci\u00f3n de tech talk en casa - TeacherLists Parent Corner<\/title>\n<meta name=\"description\" content=\"Diez preguntas para ayudar a las familias a hablar sobre el uso de Internet de manera segura, positiva y productiva.\" \/>\n<meta name=\"robots\" content=\"index, follow, max-snippet:-1, max-image-preview:large, max-video-preview:-1\" \/>\n<link rel=\"canonical\" href=\"https:\/\/www.teacherlists.com\/blog\/parent-corner\/techtalk\/continua-la-conversacion-de-tech-talk-en-casa\/\" \/>\n<meta property=\"og:locale\" content=\"en_US\" \/>\n<meta property=\"og:type\" content=\"article\" \/>\n<meta property=\"og:title\" content=\"Contin\u00faa la conversaci\u00f3n de tech talk en casa\" \/>\n<meta property=\"og:description\" content=\"Diez preguntas para ayudar a las familias a hablar sobre el uso de Internet de manera segura, positiva y productiva.\" \/>\n<meta property=\"og:url\" content=\"https:\/\/www.teacherlists.com\/blog\/parent-corner\/techtalk\/continua-la-conversacion-de-tech-talk-en-casa\/\" \/>\n<meta property=\"og:site_name\" content=\"TeacherLists Parent Corner\" \/>\n<meta property=\"article:publisher\" content=\"https:\/\/www.facebook.com\/teacherlists\/\" \/>\n<meta property=\"article:modified_time\" content=\"2021-08-30T18:30:01+00:00\" \/>\n<meta property=\"og:image\" content=\"https:\/\/www.teacherlists.com\/blog\/parent-corner\/wp-content\/uploads\/sites\/2\/2020\/08\/0820-fttn-virtual-logo-tagline-landing-page-300x85.png\" \/>\n<meta name=\"twitter:card\" content=\"summary_large_image\" \/>\n<meta name=\"twitter:site\" content=\"@teacherlists\" \/>\n<meta name=\"twitter:label1\" content=\"Est. reading time\" \/>\n\t<meta name=\"twitter:data1\" content=\"3 minutes\" \/>\n<script type=\"application\/ld+json\" class=\"yoast-schema-graph\">{\"@context\":\"https:\/\/schema.org\",\"@graph\":[{\"@type\":\"WebPage\",\"@id\":\"https:\/\/www.teacherlists.com\/blog\/parent-corner\/techtalk\/continua-la-conversacion-de-tech-talk-en-casa\/\",\"url\":\"https:\/\/www.teacherlists.com\/blog\/parent-corner\/techtalk\/continua-la-conversacion-de-tech-talk-en-casa\/\",\"name\":\"Contin\u00faa la conversaci\u00f3n de tech talk en casa - TeacherLists Parent Corner\",\"isPartOf\":{\"@id\":\"https:\/\/www.teacherlists.com\/blog\/parent-corner\/#website\"},\"datePublished\":\"2021-08-30T18:06:04+00:00\",\"dateModified\":\"2021-08-30T18:30:01+00:00\",\"description\":\"Diez preguntas para ayudar a las familias a hablar sobre el uso de Internet de manera segura, positiva y productiva.\",\"breadcrumb\":{\"@id\":\"https:\/\/www.teacherlists.com\/blog\/parent-corner\/techtalk\/continua-la-conversacion-de-tech-talk-en-casa\/#breadcrumb\"},\"inLanguage\":\"en-US\",\"potentialAction\":[{\"@type\":\"ReadAction\",\"target\":[\"https:\/\/www.teacherlists.com\/blog\/parent-corner\/techtalk\/continua-la-conversacion-de-tech-talk-en-casa\/\"]}]},{\"@type\":\"BreadcrumbList\",\"@id\":\"https:\/\/www.teacherlists.com\/blog\/parent-corner\/techtalk\/continua-la-conversacion-de-tech-talk-en-casa\/#breadcrumb\",\"itemListElement\":[{\"@type\":\"ListItem\",\"position\":1,\"name\":\"Home\",\"item\":\"https:\/\/www.teacherlists.com\/blog\/parent-corner\/\"},{\"@type\":\"ListItem\",\"position\":2,\"name\":\"Family Tech Talk\",\"item\":\"https:\/\/www.teacherlists.com\/blog\/parent-corner\/techtalk\/\"},{\"@type\":\"ListItem\",\"position\":3,\"name\":\"Contin\u00faa la conversaci\u00f3n de tech talk en casa\"}]},{\"@type\":\"WebSite\",\"@id\":\"https:\/\/www.teacherlists.com\/blog\/parent-corner\/#website\",\"url\":\"https:\/\/www.teacherlists.com\/blog\/parent-corner\/\",\"name\":\"TeacherLists Parent Corner\",\"description\":\"TeacherLists Parent Corner\",\"potentialAction\":[{\"@type\":\"SearchAction\",\"target\":{\"@type\":\"EntryPoint\",\"urlTemplate\":\"https:\/\/www.teacherlists.com\/blog\/parent-corner\/?s={search_term_string}\"},\"query-input\":\"required name=search_term_string\"}],\"inLanguage\":\"en-US\"}]}<\/script>\n<!-- \/ Yoast SEO Premium plugin. -->","yoast_head_json":{"title":"Contin\u00faa la conversaci\u00f3n de tech talk en casa - TeacherLists Parent Corner","description":"Diez preguntas para ayudar a las familias a hablar sobre el uso de Internet de manera segura, positiva y productiva.","robots":{"index":"index","follow":"follow","max-snippet":"max-snippet:-1","max-image-preview":"max-image-preview:large","max-video-preview":"max-video-preview:-1"},"canonical":"https:\/\/www.teacherlists.com\/blog\/parent-corner\/techtalk\/continua-la-conversacion-de-tech-talk-en-casa\/","og_locale":"en_US","og_type":"article","og_title":"Contin\u00faa la conversaci\u00f3n de tech talk en casa","og_description":"Diez preguntas para ayudar a las familias a hablar sobre el uso de Internet de manera segura, positiva y productiva.","og_url":"https:\/\/www.teacherlists.com\/blog\/parent-corner\/techtalk\/continua-la-conversacion-de-tech-talk-en-casa\/","og_site_name":"TeacherLists Parent Corner","article_publisher":"https:\/\/www.facebook.com\/teacherlists\/","article_modified_time":"2021-08-30T18:30:01+00:00","og_image":[{"url":"https:\/\/www.teacherlists.com\/blog\/parent-corner\/wp-content\/uploads\/sites\/2\/2020\/08\/0820-fttn-virtual-logo-tagline-landing-page-300x85.png"}],"twitter_card":"summary_large_image","twitter_site":"@teacherlists","twitter_misc":{"Est. reading time":"3 minutes"},"schema":{"@context":"https:\/\/schema.org","@graph":[{"@type":"WebPage","@id":"https:\/\/www.teacherlists.com\/blog\/parent-corner\/techtalk\/continua-la-conversacion-de-tech-talk-en-casa\/","url":"https:\/\/www.teacherlists.com\/blog\/parent-corner\/techtalk\/continua-la-conversacion-de-tech-talk-en-casa\/","name":"Contin\u00faa la conversaci\u00f3n de tech talk en casa - TeacherLists Parent Corner","isPartOf":{"@id":"https:\/\/www.teacherlists.com\/blog\/parent-corner\/#website"},"datePublished":"2021-08-30T18:06:04+00:00","dateModified":"2021-08-30T18:30:01+00:00","description":"Diez preguntas para ayudar a las familias a hablar sobre el uso de Internet de manera segura, positiva y productiva.","breadcrumb":{"@id":"https:\/\/www.teacherlists.com\/blog\/parent-corner\/techtalk\/continua-la-conversacion-de-tech-talk-en-casa\/#breadcrumb"},"inLanguage":"en-US","potentialAction":[{"@type":"ReadAction","target":["https:\/\/www.teacherlists.com\/blog\/parent-corner\/techtalk\/continua-la-conversacion-de-tech-talk-en-casa\/"]}]},{"@type":"BreadcrumbList","@id":"https:\/\/www.teacherlists.com\/blog\/parent-corner\/techtalk\/continua-la-conversacion-de-tech-talk-en-casa\/#breadcrumb","itemListElement":[{"@type":"ListItem","position":1,"name":"Home","item":"https:\/\/www.teacherlists.com\/blog\/parent-corner\/"},{"@type":"ListItem","position":2,"name":"Family Tech Talk","item":"https:\/\/www.teacherlists.com\/blog\/parent-corner\/techtalk\/"},{"@type":"ListItem","position":3,"name":"Contin\u00faa la conversaci\u00f3n de tech talk en casa"}]},{"@type":"WebSite","@id":"https:\/\/www.teacherlists.com\/blog\/parent-corner\/#website","url":"https:\/\/www.teacherlists.com\/blog\/parent-corner\/","name":"TeacherLists Parent Corner","description":"TeacherLists Parent Corner","potentialAction":[{"@type":"SearchAction","target":{"@type":"EntryPoint","urlTemplate":"https:\/\/www.teacherlists.com\/blog\/parent-corner\/?s={search_term_string}"},"query-input":"required name=search_term_string"}],"inLanguage":"en-US"}]}},"_links":{"self":[{"href":"https:\/\/www.teacherlists.com\/blog\/parent-corner\/wp-json\/wp\/v2\/pages\/1041"}],"collection":[{"href":"https:\/\/www.teacherlists.com\/blog\/parent-corner\/wp-json\/wp\/v2\/pages"}],"about":[{"href":"https:\/\/www.teacherlists.com\/blog\/parent-corner\/wp-json\/wp\/v2\/types\/page"}],"author":[{"embeddable":true,"href":"https:\/\/www.teacherlists.com\/blog\/parent-corner\/wp-json\/wp\/v2\/users\/37"}],"replies":[{"embeddable":true,"href":"https:\/\/www.teacherlists.com\/blog\/parent-corner\/wp-json\/wp\/v2\/comments?post=1041"}],"version-history":[{"count":2,"href":"https:\/\/www.teacherlists.com\/blog\/parent-corner\/wp-json\/wp\/v2\/pages\/1041\/revisions"}],"predecessor-version":[{"id":1043,"href":"https:\/\/www.teacherlists.com\/blog\/parent-corner\/wp-json\/wp\/v2\/pages\/1041\/revisions\/1043"}],"up":[{"embeddable":true,"href":"https:\/\/www.teacherlists.com\/blog\/parent-corner\/wp-json\/wp\/v2\/pages\/534"}],"wp:attachment":[{"href":"https:\/\/www.teacherlists.com\/blog\/parent-corner\/wp-json\/wp\/v2\/media?parent=1041"}],"curies":[{"name":"wp","href":"https:\/\/api.w.org\/{rel}","templated":true}]}}